{"id":1453,"date":"2020-04-30T11:12:41","date_gmt":"2020-04-30T11:12:41","guid":{"rendered":"https:\/\/eremkar.com\/?page_id=1453"},"modified":"2025-12-04T14:40:31","modified_gmt":"2025-12-04T14:40:31","slug":"contact","status":"publish","type":"page","link":"https:\/\/eremkar.com\/en\/contact\/","title":{"rendered":"CONTACT"},"content":{"rendered":"<div data-elementor-type=\"wp-page\" data-elementor-id=\"1453\" class=\"elementor elementor-1453\">\n\t\t\t\t\t\t<section class=\"elementor-section elementor-top-section elementor-element elementor-element-b23ade1 elementor-section-boxed elementor-section-height-default elementor-section-height-default sc_fly_static\" data-id=\"b23ade1\" data-element_type=\"section\" data-settings=\"{&quot;background_background&quot;:&quot;classic&quot;}\">\n\t\t\t\t\t\t<div class=\"elementor-container elementor-column-gap-no\">\n\t\t\t\t\t<div class=\"elementor-column elementor-col-100 elementor-top-column elementor-element elementor-element-36fe98d sc_content_align_inherit sc_layouts_column_icons_position_left sc_fly_static\" data-id=\"36fe98d\" data-element_type=\"column\">\n\t\t\t<div class=\"elementor-widget-wrap elementor-element-populated\">\n\t\t\t\t\t\t<div class=\"elementor-element elementor-element-c38af68 sc_height_huge sc_fly_static elementor-widget elementor-widget-spacer\" data-id=\"c38af68\" data-element_type=\"widget\" data-widget_type=\"spacer.default\">\n\t\t\t\t<div class=\"elementor-widget-container\">\n\t\t\t\t\t\t\t<div class=\"elementor-spacer\">\n\t\t\t<div class=\"elementor-spacer-inner\"><\/div>\n\t\t<\/div>\n\t\t\t\t\t\t<\/div>\n\t\t\t\t<\/div>\n\t\t\t\t<section class=\"elementor-section elementor-inner-section elementor-element elementor-element-c357c86 elementor-section-boxed elementor-section-height-default elementor-section-height-default sc_fly_static\" data-id=\"c357c86\" data-element_type=\"section\">\n\t\t\t\t\t\t<div class=\"elementor-container elementor-column-gap-no\">\n\t\t\t\t\t<div class=\"elementor-column elementor-col-50 elementor-inner-column elementor-element elementor-element-07efc60 sc_content_align_inherit sc_layouts_column_icons_position_left sc_fly_static\" data-id=\"07efc60\" data-element_type=\"column\">\n\t\t\t<div class=\"elementor-widget-wrap elementor-element-populated\">\n\t\t\t\t\t\t<div class=\"elementor-element elementor-element-44533f0 sc_fly_static elementor-widget elementor-widget-trx_sc_title\" data-id=\"44533f0\" data-element_type=\"widget\" data-widget_type=\"trx_sc_title.default\">\n\t\t\t\t<div class=\"elementor-widget-container\">\n\t\t\t\t\t<div\t\tclass=\"sc_title sc_title_default\" ><h2 class=\"sc_item_title sc_title_title sc_item_title_style_default sc_item_title_tag\"\n\t\t\t><span class=\"sc_item_title_text\">contact our team <br> for the most suitable solution.<\/span><\/h2><\/div>\t\t\t\t<\/div>\n\t\t\t\t<\/div>\n\t\t\t\t<div class=\"elementor-element elementor-element-0cdd649 sc_fly_static elementor-widget elementor-widget-spacer\" data-id=\"0cdd649\" data-element_type=\"widget\" data-widget_type=\"spacer.default\">\n\t\t\t\t<div class=\"elementor-widget-container\">\n\t\t\t\t\t\t\t<div class=\"elementor-spacer\">\n\t\t\t<div class=\"elementor-spacer-inner\"><\/div>\n\t\t<\/div>\n\t\t\t\t\t\t<\/div>\n\t\t\t\t<\/div>\n\t\t\t\t<div class=\"elementor-element elementor-element-3f594ae sc_fly_static elementor-widget elementor-widget-trx_sc_icons\" data-id=\"3f594ae\" data-element_type=\"widget\" data-widget_type=\"trx_sc_icons.default\">\n\t\t\t\t<div class=\"elementor-widget-container\">\n\t\t\t\t\t<div \tclass=\"sc_icons sc_icons_simple sc_icons_size_small sc_align_none\" ><div class=\"sc_icons_item with_more\"><div class=\"sc_icons_icon sc_icon_type_ icon-note-light\" style=\"color: #4BAF47\" ><span class=\"sc_icon_type_ icon-note-light\" style=\"color: #4BAF47\"><\/span><\/div><div class=\"sc_icons_item_details\"><div class=\"sc_icons_item_description\"><span>EREMKAR Teknoloji Dan\u0131\u015fmanl\u0131k \u0130n\u015faat <br>Tar\u0131m Ticaret Anonim \u015eirketi<\/span><\/div><\/div><\/div><div class=\"sc_icons_item sc_icons_item_linked with_more\"><div class=\"sc_icons_icon sc_icon_type_ icon-iphone\" style=\"color: #4BAF47\" ><span class=\"sc_icon_type_ icon-iphone\" style=\"color: #4BAF47\"><\/span><\/div><div class=\"sc_icons_item_details\"><a href=\"tel:908502597222\" class=\"sc_icons_item_more_link\">\r\n                        <span class=\"link_text\">+90 850 259 7 222<\/span><span class=\"link_icon\"><\/span>\r\n                        <\/a><a href=\"tel:908502597222\"\r\n                        class=\"sc_icons_item_link\">\r\n                        <\/a><\/div><\/div><div class=\"sc_icons_item with_more\"><div class=\"sc_icons_icon sc_icon_type_ icon-envelope-2\" style=\"color: #4BAF47\" ><span class=\"sc_icon_type_ icon-envelope-2\" style=\"color: #4BAF47\"><\/span><\/div><div class=\"sc_icons_item_details\"><div class=\"sc_icons_item_description\"><span><a href=\"mailto:info@eremkar.com\">info@eremkar.com<\/a><\/span><\/div><\/div><\/div><div class=\"sc_icons_item with_more\"><div class=\"sc_icons_icon sc_icon_type_ icon-marker\" style=\"color: #4BAF47\" ><span class=\"sc_icon_type_ icon-marker\" style=\"color: #4BAF47\"><\/span><\/div><div class=\"sc_icons_item_details\"><div class=\"sc_icons_item_description\"><span>Sabuni Mah. Yetimler \u00c7ar\u015f\u0131s\u0131 Sk. No: 7\/1 <br>Merkez \/ Edirne<\/span><\/div><\/div><\/div><\/div><!-- \/.sc_icons -->\t\t\t\t<\/div>\n\t\t\t\t<\/div>\n\t\t\t\t\t<\/div>\n\t\t<\/div>\n\t\t\t\t<div class=\"elementor-column elementor-col-50 elementor-inner-column elementor-element elementor-element-6260b8a sc_content_align_inherit sc_layouts_column_icons_position_left sc_fly_static\" data-id=\"6260b8a\" data-element_type=\"column\">\n\t\t\t<div class=\"elementor-widget-wrap elementor-element-populated\">\n\t\t\t\t\t\t<div class=\"elementor-element elementor-element-c98b74f sc_fly_static elementor-widget elementor-widget-spacer\" data-id=\"c98b74f\" data-element_type=\"widget\" data-widget_type=\"spacer.default\">\n\t\t\t\t<div class=\"elementor-widget-container\">\n\t\t\t\t\t\t\t<div class=\"elementor-spacer\">\n\t\t\t<div class=\"elementor-spacer-inner\"><\/div>\n\t\t<\/div>\n\t\t\t\t\t\t<\/div>\n\t\t\t\t<\/div>\n\t\t\t\t<div class=\"elementor-element elementor-element-7603642 sc_fly_static elementor-widget elementor-widget-trx_sc_contact_form_7\" data-id=\"7603642\" data-element_type=\"widget\" data-widget_type=\"trx_sc_contact_form_7.default\">\n\t\t\t\t<div class=\"elementor-widget-container\">\n\t\t\t\t\t\n<div class=\"wpcf7 no-js\" id=\"wpcf7-f1324-o1\" lang=\"en-US\" dir=\"ltr\" data-wpcf7-id=\"1324\">\n<div class=\"screen-reader-response\"><p role=\"status\" aria-live=\"polite\" aria-atomic=\"true\"><\/p> <ul><\/ul><\/div>\n<form action=\"\/en\/wp-json\/wp\/v2\/pages\/1453#wpcf7-f1324-o1\" method=\"post\" class=\"wpcf7-form init\" aria-label=\"Contact form\" novalidate=\"novalidate\" data-status=\"init\" data-trp-original-action=\"\/en\/wp-json\/wp\/v2\/pages\/1453#wpcf7-f1324-o1\">\n<fieldset class=\"hidden-fields-container\"><input type=\"hidden\" name=\"_wpcf7\" value=\"1324\" \/><input type=\"hidden\" name=\"_wpcf7_version\" value=\"6.1.4\" \/><input type=\"hidden\" name=\"_wpcf7_locale\" value=\"en_US\" \/><input type=\"hidden\" name=\"_wpcf7_unit_tag\" value=\"wpcf7-f1324-o1\" \/><input type=\"hidden\" name=\"_wpcf7_container_post\" value=\"0\" \/><input type=\"hidden\" name=\"_wpcf7_posted_data_hash\" value=\"\" \/>\n<\/fieldset>\n<div class=\"form-style-3\">\n\t<div class=\"columns_wrap\">\n\t\t<div class=\"column-1_2\">\n\t\t\t<p><span class=\"style-line icon-name\"><span class=\"wpcf7-form-control-wrap\" data-name=\"your-name\"><input size=\"40\" maxlength=\"400\" class=\"wpcf7-form-control wpcf7-text wpcf7-validates-as-required\" aria-required=\"true\" aria-invalid=\"false\" placeholder=\"Name\" value=\"\" type=\"text\" name=\"your-name\" \/><\/span><\/span>\n\t\t\t<\/p>\n\t\t<\/div>\n\t\t<div class=\"column-1_2\">\n\t\t\t<p><span class=\"style-line icon-email\"><span class=\"wpcf7-form-control-wrap\" data-name=\"your-email\"><input size=\"40\" maxlength=\"400\" class=\"wpcf7-form-control wpcf7-email wpcf7-validates-as-required wpcf7-text wpcf7-validates-as-email\" aria-required=\"true\" aria-invalid=\"false\" placeholder=\"E-Mail\" value=\"\" type=\"email\" name=\"your-email\" \/><\/span><\/span>\n\t\t\t<\/p>\n\t\t<\/div>\n\t<\/div>\n\t<div class=\"columns_wrap\">\n\t\t<div class=\"column-1_2\">\n\t\t\t<p><span class=\"style-line icon-phone\"><span class=\"wpcf7-form-control-wrap\" data-name=\"your-phone\"><input size=\"40\" maxlength=\"400\" class=\"wpcf7-form-control wpcf7-tel wpcf7-validates-as-required wpcf7-text wpcf7-validates-as-tel\" aria-required=\"true\" aria-invalid=\"false\" placeholder=\"Phone\" value=\"\" type=\"tel\" name=\"your-phone\" \/><\/span><\/span>\n\t\t\t<\/p>\n\t\t<\/div>\n\t\t<div class=\"column-1_2\">\n\t\t\t<p><span class=\"style-line icon-subject\"><span class=\"wpcf7-form-control-wrap\" data-name=\"your-subject\"><input size=\"40\" maxlength=\"400\" class=\"wpcf7-form-control wpcf7-text wpcf7-validates-as-required\" aria-required=\"true\" aria-invalid=\"false\" placeholder=\"Subject\" value=\"\" type=\"text\" name=\"your-subject\" \/><\/span><\/span>\n\t\t\t<\/p>\n\t\t<\/div>\n\t<\/div>\n\t<div class=\"columns_wrap margin-bottom\">\n\t\t<div class=\"column-1_1\">\n\t\t\t<p><span class=\"style-line icon-textarea\"><span class=\"wpcf7-form-control-wrap\" data-name=\"your-message\"><textarea cols=\"40\" rows=\"10\" maxlength=\"2000\" class=\"wpcf7-form-control wpcf7-textarea wpcf7-validates-as-required\" aria-required=\"true\" aria-invalid=\"false\" placeholder=\"We will be happy to answer your questions!\" name=\"your-message\"><\/textarea><\/span><\/span>\n\t\t\t<\/p>\n\t\t<\/div>\n\t<\/div>\n\t<p><span class=\"wpcf7-form-control-wrap\" data-name=\"acceptance\"><span class=\"wpcf7-form-control wpcf7-acceptance\"><span class=\"wpcf7-list-item\"><label><input type=\"checkbox\" name=\"acceptance\" value=\"1\" aria-invalid=\"false\" \/><span class=\"wpcf7-list-item-label\">I hereby give consent to EREMKAR to send commercial electronic messages via phone, text message (SMS), email and mobile application channels, and to the processing of my personal data within the scope of the delivery of commercial electronic messages in accordance with EREMKAR\u2019s <a href=\"\/en\/privacy-policy\/\">Privacy Policy<\/a> .<\/span><\/label><\/span><\/span><\/span><br \/>\n<input class=\"wpcf7-form-control wpcf7-submit has-spinner\" type=\"submit\" value=\"GET IN TOUCH\" \/>\n\t<\/p>\n<\/div><p style=\"display: none !important;\" class=\"akismet-fields-container\" data-prefix=\"_wpcf7_ak_\"><label>&#916;<textarea name=\"_wpcf7_ak_hp_textarea\" cols=\"45\" rows=\"8\" maxlength=\"100\"><\/textarea><\/label><input type=\"hidden\" id=\"ak_js_1\" name=\"_wpcf7_ak_js\" value=\"163\"\/><script>document.getElementById( \"ak_js_1\" ).setAttribute( \"value\", ( new Date() ).getTime() );<\/script><\/p><div class=\"wpcf7-response-output\" aria-hidden=\"true\"><\/div>\n<input type=\"hidden\" name=\"trp-form-language\" value=\"en\"\/><\/form>\n<\/div>\n\t\t\t\t<\/div>\n\t\t\t\t<\/div>\n\t\t\t\t\t<\/div>\n\t\t<\/div>\n\t\t\t\t\t<\/div>\n\t\t<\/section>\n\t\t\t\t<div class=\"elementor-element elementor-element-aba1802 sc_height_huge sc_fly_static elementor-widget elementor-widget-spacer\" data-id=\"aba1802\" data-element_type=\"widget\" data-widget_type=\"spacer.default\">\n\t\t\t\t<div class=\"elementor-widget-container\">\n\t\t\t\t\t\t\t<div class=\"elementor-spacer\">\n\t\t\t<div class=\"elementor-spacer-inner\"><\/div>\n\t\t<\/div>\n\t\t\t\t\t\t<\/div>\n\t\t\t\t<\/div>\n\t\t\t\t\t<\/div>\n\t\t<\/div>\n\t\t\t\t\t<\/div>\n\t\t<\/section>\n\t\t\t\t<section class=\"elementor-section elementor-top-section elementor-element elementor-element-b37354e elementor-section-stretched elementor-section-full_width elementor-section-height-default elementor-section-height-default sc_fly_static\" data-id=\"b37354e\" data-element_type=\"section\" data-settings=\"{&quot;stretch_section&quot;:&quot;section-stretched&quot;,&quot;background_background&quot;:&quot;classic&quot;}\">\n\t\t\t\t\t\t<div class=\"elementor-container elementor-column-gap-no\">\n\t\t\t\t\t<div class=\"elementor-column elementor-col-100 elementor-top-column elementor-element elementor-element-8f1658f sc_content_align_inherit sc_layouts_column_icons_position_left sc_fly_static\" data-id=\"8f1658f\" data-element_type=\"column\">\n\t\t\t<div class=\"elementor-widget-wrap elementor-element-populated\">\n\t\t\t\t\t\t<div class=\"elementor-element elementor-element-ff838f8 sc_fly_static elementor-widget elementor-widget-trx_sc_googlemap\" data-id=\"ff838f8\" data-element_type=\"widget\" data-widget_type=\"trx_sc_googlemap.default\">\n\t\t\t\t<div class=\"elementor-widget-container\">\n\t\t\t\t\t<div id=\"sc_googlemap_1358417674_wrap\" class=\"sc_googlemap_wrap\"><div id=\"sc_googlemap_1358417674\"\t\t\tclass=\"sc_item_content sc_map sc_googlemap sc_googlemap_default trx_addons_inline_1460026644\"\n\t\t\t \t\t\tdata-zoom=\"15\"\n\t\t\tdata-center=\"\"\n\t\t\tdata-style=\"default\"\n\t\t\tdata-map-id=\"\"\n\t\t\tdata-cluster-icon=\"\"\n\t\t\t><iframe\n\t\t\t\t\t\tsrc=\"https:\/\/maps.google.com\/maps?t=m&output=embed&iwloc=near&z=15&q=41.676619567855006%2C+26.5530774978985\"\n\t\t\t\t\t\taria-label=\"One\"><\/iframe><\/div><\/div>\t\t\t\t<\/div>\n\t\t\t\t<\/div>\n\t\t\t\t\t<\/div>\n\t\t<\/div>\n\t\t\t\t\t<\/div>\n\t\t<\/section>\n\t\t\t\t<\/div>","protected":false},"excerpt":{"rendered":"<p>Size en uygun \u00e7\u00f6z\u00fcm i\u00e7in Ekibimizle ileti\u015fime ge\u00e7in. EREMKAR Teknoloji Dan\u0131\u015fmanl\u0131k \u0130n\u015faat Tar\u0131m Ticaret Anonim \u015eirketi +90 850 259 7 222 info@eremkar.comSabuni Mah. Yetimler \u00c7ar\u015f\u0131s\u0131 Sk. No: 7\/1 Merkez \/&hellip;<\/p>","protected":false},"author":1,"featured_media":0,"parent":0,"menu_order":0,"comment_status":"closed","ping_status":"closed","template":"","meta":{"footnotes":""},"class_list":["post-1453","page","type-page","status-publish","hentry"],"yoast_head":"<!-- This site is optimized with the Yoast SEO plugin v26.6 - https:\/\/yoast.com\/wordpress\/plugins\/seo\/ -->\n<title>EREMKAR - \u0130LET\u0130\u015e\u0130M<\/title>\n<meta name=\"description\" content=\"Size en uygun \u00e7\u00f6z\u00fcm i\u00e7in ekibimizle ileti\u015fime ge\u00e7in.\" \/>\n<meta name=\"robots\" content=\"index, follow, max-snippet:-1, max-image-preview:large, max-video-preview:-1\" \/>\n<link rel=\"canonical\" href=\"https:\/\/eremkar.com\/en\/contact\/\" \/>\n<meta property=\"og:locale\" content=\"en_GB\" \/>\n<meta property=\"og:type\" content=\"article\" \/>\n<meta property=\"og:title\" content=\"EREMKAR - \u0130LET\u0130\u015e\u0130M\" \/>\n<meta property=\"og:description\" content=\"Size en uygun \u00e7\u00f6z\u00fcm i\u00e7in ekibimizle ileti\u015fime ge\u00e7in.\" \/>\n<meta property=\"og:url\" content=\"https:\/\/eremkar.com\/en\/contact\/\" \/>\n<meta property=\"og:site_name\" content=\"EREMKAR\" \/>\n<meta property=\"article:modified_time\" content=\"2025-12-04T14:40:31+00:00\" \/>\n<meta name=\"twitter:card\" content=\"summary_large_image\" \/>\n<meta name=\"twitter:label1\" content=\"Estimated reading time\" \/>\n\t<meta name=\"twitter:data1\" content=\"1 minute\" \/>\n<script type=\"application\/ld+json\" class=\"yoast-schema-graph\">{\"@context\":\"https:\/\/schema.org\",\"@graph\":[{\"@type\":\"WebPage\",\"@id\":\"https:\/\/eremkar.com\/en\/contact\/\",\"url\":\"https:\/\/eremkar.com\/en\/contact\/\",\"name\":\"EREMKAR - \u0130LET\u0130\u015e\u0130M\",\"isPartOf\":{\"@id\":\"https:\/\/eremkar.com\/en\/#website\"},\"datePublished\":\"2020-04-30T11:12:41+00:00\",\"dateModified\":\"2025-12-04T14:40:31+00:00\",\"description\":\"Size en uygun \u00e7\u00f6z\u00fcm i\u00e7in ekibimizle ileti\u015fime ge\u00e7in.\",\"breadcrumb\":{\"@id\":\"https:\/\/eremkar.com\/en\/contact\/#breadcrumb\"},\"inLanguage\":\"en-GB\",\"potentialAction\":[{\"@type\":\"ReadAction\",\"target\":[\"https:\/\/eremkar.com\/en\/contact\/\"]}]},{\"@type\":\"BreadcrumbList\",\"@id\":\"https:\/\/eremkar.com\/en\/contact\/#breadcrumb\",\"itemListElement\":[{\"@type\":\"ListItem\",\"position\":1,\"name\":\"Anasayfa\",\"item\":\"https:\/\/eremkar.com\/\"},{\"@type\":\"ListItem\",\"position\":2,\"name\":\"\u0130LET\u0130\u015e\u0130M\"}]},{\"@type\":\"WebSite\",\"@id\":\"https:\/\/eremkar.com\/en\/#website\",\"url\":\"https:\/\/eremkar.com\/en\/\",\"name\":\"EREMKAR\",\"description\":\"\",\"publisher\":{\"@id\":\"https:\/\/eremkar.com\/en\/#organization\"},\"potentialAction\":[{\"@type\":\"SearchAction\",\"target\":{\"@type\":\"EntryPoint\",\"urlTemplate\":\"https:\/\/eremkar.com\/en\/?s={search_term_string}\"},\"query-input\":{\"@type\":\"PropertyValueSpecification\",\"valueRequired\":true,\"valueName\":\"search_term_string\"}}],\"inLanguage\":\"en-GB\"},{\"@type\":\"Organization\",\"@id\":\"https:\/\/eremkar.com\/en\/#organization\",\"name\":\"EREMKAR\",\"url\":\"https:\/\/eremkar.com\/en\/\",\"logo\":{\"@type\":\"ImageObject\",\"inLanguage\":\"en-GB\",\"@id\":\"https:\/\/eremkar.com\/en\/#\/schema\/logo\/image\/\",\"url\":\"https:\/\/eremkar.com\/wp-content\/uploads\/2025\/10\/Eremkar-Logo-scaled.png\",\"contentUrl\":\"https:\/\/eremkar.com\/wp-content\/uploads\/2025\/10\/Eremkar-Logo-scaled.png\",\"width\":2560,\"height\":640,\"caption\":\"EREMKAR\"},\"image\":{\"@id\":\"https:\/\/eremkar.com\/en\/#\/schema\/logo\/image\/\"},\"sameAs\":[\"https:\/\/www.linkedin.com\/company\/eremkar\"]}]}<\/script>\n<!-- \/ Yoast SEO plugin. -->","yoast_head_json":{"title":"EREMKAR - \u0130LET\u0130\u015e\u0130M","description":"Size en uygun \u00e7\u00f6z\u00fcm i\u00e7in ekibimizle ileti\u015fime ge\u00e7in.","robots":{"index":"index","follow":"follow","max-snippet":"max-snippet:-1","max-image-preview":"max-image-preview:large","max-video-preview":"max-video-preview:-1"},"canonical":"https:\/\/eremkar.com\/en\/contact\/","og_locale":"en_GB","og_type":"article","og_title":"EREMKAR - \u0130LET\u0130\u015e\u0130M","og_description":"Size en uygun \u00e7\u00f6z\u00fcm i\u00e7in ekibimizle ileti\u015fime ge\u00e7in.","og_url":"https:\/\/eremkar.com\/en\/contact\/","og_site_name":"EREMKAR","article_modified_time":"2025-12-04T14:40:31+00:00","twitter_card":"summary_large_image","twitter_misc":{"Estimated reading time":"1 minute"},"schema":{"@context":"https:\/\/schema.org","@graph":[{"@type":"WebPage","@id":"https:\/\/eremkar.com\/en\/contact\/","url":"https:\/\/eremkar.com\/en\/contact\/","name":"EREMKAR - \u0130LET\u0130\u015e\u0130M","isPartOf":{"@id":"https:\/\/eremkar.com\/en\/#website"},"datePublished":"2020-04-30T11:12:41+00:00","dateModified":"2025-12-04T14:40:31+00:00","description":"Size en uygun \u00e7\u00f6z\u00fcm i\u00e7in ekibimizle ileti\u015fime ge\u00e7in.","breadcrumb":{"@id":"https:\/\/eremkar.com\/en\/contact\/#breadcrumb"},"inLanguage":"en-GB","potentialAction":[{"@type":"ReadAction","target":["https:\/\/eremkar.com\/en\/contact\/"]}]},{"@type":"BreadcrumbList","@id":"https:\/\/eremkar.com\/en\/contact\/#breadcrumb","itemListElement":[{"@type":"ListItem","position":1,"name":"Anasayfa","item":"https:\/\/eremkar.com\/"},{"@type":"ListItem","position":2,"name":"\u0130LET\u0130\u015e\u0130M"}]},{"@type":"WebSite","@id":"https:\/\/eremkar.com\/en\/#website","url":"https:\/\/eremkar.com\/en\/","name":"EREMKAR","description":"","publisher":{"@id":"https:\/\/eremkar.com\/en\/#organization"},"potentialAction":[{"@type":"SearchAction","target":{"@type":"EntryPoint","urlTemplate":"https:\/\/eremkar.com\/en\/?s={search_term_string}"},"query-input":{"@type":"PropertyValueSpecification","valueRequired":true,"valueName":"search_term_string"}}],"inLanguage":"en-GB"},{"@type":"Organization","@id":"https:\/\/eremkar.com\/en\/#organization","name":"EREMKAR","url":"https:\/\/eremkar.com\/en\/","logo":{"@type":"ImageObject","inLanguage":"en-GB","@id":"https:\/\/eremkar.com\/en\/#\/schema\/logo\/image\/","url":"https:\/\/eremkar.com\/wp-content\/uploads\/2025\/10\/Eremkar-Logo-scaled.png","contentUrl":"https:\/\/eremkar.com\/wp-content\/uploads\/2025\/10\/Eremkar-Logo-scaled.png","width":2560,"height":640,"caption":"EREMKAR"},"image":{"@id":"https:\/\/eremkar.com\/en\/#\/schema\/logo\/image\/"},"sameAs":["https:\/\/www.linkedin.com\/company\/eremkar"]}]}},"_links":{"self":[{"href":"https:\/\/eremkar.com\/en\/wp-json\/wp\/v2\/pages\/1453","targetHints":{"allow":["GET"]}}],"collection":[{"href":"https:\/\/eremkar.com\/en\/wp-json\/wp\/v2\/pages"}],"about":[{"href":"https:\/\/eremkar.com\/en\/wp-json\/wp\/v2\/types\/page"}],"author":[{"embeddable":true,"href":"https:\/\/eremkar.com\/en\/wp-json\/wp\/v2\/users\/1"}],"replies":[{"embeddable":true,"href":"https:\/\/eremkar.com\/en\/wp-json\/wp\/v2\/comments?post=1453"}],"version-history":[{"count":13,"href":"https:\/\/eremkar.com\/en\/wp-json\/wp\/v2\/pages\/1453\/revisions"}],"predecessor-version":[{"id":37440,"href":"https:\/\/eremkar.com\/en\/wp-json\/wp\/v2\/pages\/1453\/revisions\/37440"}],"wp:attachment":[{"href":"https:\/\/eremkar.com\/en\/wp-json\/wp\/v2\/media?parent=1453"}],"curies":[{"name":"wp","href":"https:\/\/api.w.org\/{rel}","templated":true}]}}